{"id":375,"date":"2013-07-28T09:53:55","date_gmt":"2013-07-28T09:53:55","guid":{"rendered":"http:\/\/www.googlehupf.at\/shipwright\/?page_id=375"},"modified":"2013-07-28T16:00:10","modified_gmt":"2013-07-28T16:00:10","slug":"diverses","status":"publish","type":"page","link":"https:\/\/www.googlehupf.at\/shipwright\/?page_id=375","title":{"rendered":"Verweise"},"content":{"rendered":"<p><strong>28.7.2013<\/strong><\/p>\n<p>F\u00fcr die erw\u00e4hnte Kriegsbrigg, die ich f\u00fcr meinen \u00e4lteren Sohn im Dezember 2006 zu bauen begonnen habe, habe ich mir die Monografie der CYGNE aus der Collection Arch\u00e9ologie Naval Francaise besorgt. Ebendort habe ich mir auch das Buch &#8222;Die Kunst des Modellbaus&#8220; in deutscher Sprache von Bernard Fr\u00f6lich, das Konzepte und Techniken eines Modellbauers und dere Verwirklichung beschreibt, gekauft. Dieses Buch hat mir seither beim Bau meiner letzten Modelle sehr gute Dienste geleistet.<\/p>\n<p><a href=\"http:\/\/www.googlehupf.at\/shipwright\/wp-content\/uploads\/2013\/07\/Modellbaubuch-a.png\"><img loading=\"lazy\" decoding=\"async\" class=\"alignleft size-medium wp-image-392\" title=\"Modellbaubuch a\" src=\"http:\/\/www.googlehupf.at\/shipwright\/wp-content\/uploads\/2013\/07\/Modellbaubuch-a-200x300.png\" alt=\"\" width=\"200\" height=\"300\" srcset=\"https:\/\/www.googlehupf.at\/shipwright\/wp-content\/uploads\/2013\/07\/Modellbaubuch-a-200x300.png 200w, https:\/\/www.googlehupf.at\/shipwright\/wp-content\/uploads\/2013\/07\/Modellbaubuch-a-682x1024.png 682w, https:\/\/www.googlehupf.at\/shipwright\/wp-content\/uploads\/2013\/07\/Modellbaubuch-a.png 712w\" sizes=\"(max-width: 200px) 100vw, 200px\" \/><\/a><a href=\"http:\/\/www.googlehupf.at\/shipwright\/wp-content\/uploads\/2013\/07\/Modellbaubuch-b.png\"><img loading=\"lazy\" decoding=\"async\" class=\"alignright size-medium wp-image-393\" title=\"Modellbaubuch b\" src=\"http:\/\/www.googlehupf.at\/shipwright\/wp-content\/uploads\/2013\/07\/Modellbaubuch-b-200x300.png\" alt=\"\" width=\"200\" height=\"300\" srcset=\"https:\/\/www.googlehupf.at\/shipwright\/wp-content\/uploads\/2013\/07\/Modellbaubuch-b-200x300.png 200w, https:\/\/www.googlehupf.at\/shipwright\/wp-content\/uploads\/2013\/07\/Modellbaubuch-b-682x1024.png 682w, https:\/\/www.googlehupf.at\/shipwright\/wp-content\/uploads\/2013\/07\/Modellbaubuch-b.png 712w\" sizes=\"(max-width: 200px) 100vw, 200px\" \/><\/a><\/p>\n<p>&nbsp;<\/p>\n<p>&nbsp;<\/p>\n<p>&nbsp;<\/p>\n<p>&nbsp;<\/p>\n<p>&nbsp;<\/p>\n<p>&nbsp;<\/p>\n<p>&nbsp;<\/p>\n<p>&nbsp;<\/p>\n<p>&nbsp;<\/p>\n<p>&nbsp;<\/p>\n<p>&nbsp;<\/p>\n<p>Die Collection Arch\u00e9ologie Naval Francaise ist unter <a href=\"http:\/\/www.ancre.fr\/\">http:\/\/www.ancre.fr<\/a> im Internet zu finden.<\/p>\n<p>&nbsp;<\/p>\n<p>&nbsp;<\/p>\n<p>&nbsp;<\/p>\n<p>Derzeit baue ich die &#8222;Naniwa Maru&#8220;, ein japanisches Segel-Handelsschiff aus der Edo-Zeit. Dieses Projekt wurde &#8211; wie erw\u00e4hnt &#8211; erst durch die freundliche Unterst\u00fctzung von Mr. Douglas Brooks aus Vermont, USA m\u00f6glich. In der unten angef\u00fcgten Mail verweist Mr. Brooks nicht nur auf seine Homepage, sondern auch auf sein aktuelles Projekt des Nachbaues eines japanischen Warenbootes. F\u00fcr interessierte Boots- oder Modellbauer sehr informativ!<\/p>\n<div id=\":n6\">\n<div id=\":n5\">\n<div>\n<div>\n<div>\n<div>\n<div><em>Dear Friends, <\/em>&nbsp;<\/p>\n<div><em>This  summer I am building a traditional Japanese boat as part of the  Setouchi International Festivale in Takamatsu, Japan. \u00a0I am building a  twenty-foot workboat from the Setouchi region. \u00a0My project partners are  Mr. Koji Matano<\/em> (<a href=\"http:\/\/www.minamiizu.net\/\" target=\"_blank\">www.minamiizu.net<\/a>) <em>and my apprentice Mr. Takumi Suzuki <\/em>(<a href=\"http:\/\/www.hacarame.com\/\" target=\"_blank\">www.hacarame.com<\/a>).  \u00a0<em>I have two blogs going for the project: one at my website and another  in Japanese and English with my project partners. \u00a0We will be building  the boat until August 31st so please watch for updates.<\/em><\/div>\n<div><em>Thank you,<\/em><\/div>\n<div>\n<div>\n<div>\n<div>\n<div><em>My website blog:<\/em><\/div>\n<div><a href=\"http:\/\/blog.douglasbrooksboatbuilding.com\/\" target=\"_blank\">http:\/\/blog.douglasbrooksboatbuilding.com\/<\/a>&nbsp;<\/p>\n<p><em>Our project blog:<\/em><br \/>\n<a href=\"http:\/\/woodenboat.jp\/setouchi\/\" target=\"_blank\">http:\/\/woodenboat.jp\/setouchi\/<\/a><\/p>\n<\/div>\n<\/div>\n<\/div>\n<\/div>\n<\/div>\n<\/div>\n<\/div>\n<\/div>\n<\/div>\n<\/div>\n<div>\n<div>\n<div>\n<div>\n<div>\n<div><em>Douglas Brooks<\/em><br \/>\n<em> 84 South Maple Street<\/em><br \/>\n<em> Vergennes, Vermont 05491<\/em><br \/>\n<em> USA<\/em><br \/>\n<a href=\"tel:%28802%29%20877-3289\" target=\"_blank\">(802) 877-3289<\/a><br \/>\n<a href=\"http:\/\/www.douglasbrooksboatbuilding.com\" target=\"_blank\">http:\/\/www.douglasbrooksboatbuilding.com<\/a><\/div>\n<\/div>\n<\/div>\n<\/div>\n<\/div>\n<\/div>\n<\/div>\n<\/div>\n<table cellpadding=\"0\">\n<tbody>\n<tr>\n<td><a href=\"https:\/\/mail.google.com\/mail\/?ui=2&amp;ik=04892d1503&amp;view=att&amp;th=140090c757c74a16&amp;attid=0.1.1&amp;disp=safe&amp;zw\" target=\"_blank\"><img decoding=\"async\" src=\"https:\/\/mail.google.com\/mail\/images\/pdf.gif\" alt=\"Setouchi tenmasen lines.pdf\" \/><\/a><\/td>\n<td><strong>Setouchi tenmasen lines.pdf<\/strong><br \/>\n337 K\u00a0\u00a0 <a href=\"https:\/\/docs.google.com\/viewer?a=v&amp;pid=gmail&amp;attid=0.1.1&amp;thid=140090c757c74a16&amp;mt=application\/pdf&amp;url=https:\/\/mail.google.com\/mail\/?ui%3D2%26ik%3D04892d1503%26view%3Datt%26th%3D140090c757c74a16%26attid%3D0.1.1%26disp%3Dsafe%26zw&amp;sig=AHIEtbQm_a-m3QFDoCUvWljet4r0biTf3g\" target=\"_blank\">Ansehen<\/a> <a href=\"https:\/\/mail.google.com\/mail\/?ui=2&amp;ik=04892d1503&amp;view=att&amp;th=140090c757c74a16&amp;attid=0.1.1&amp;disp=safe&amp;zw\">Herunterladen<\/a><\/td>\n<\/tr>\n<\/tbody>\n<\/table>\n<p>&nbsp;<\/p>\n<p>&nbsp;<\/p>\n<p>&nbsp;<\/p>\n","protected":false},"excerpt":{"rendered":"<p>28.7.2013 F\u00fcr die erw\u00e4hnte Kriegsbrigg, die ich f\u00fcr meinen \u00e4lteren Sohn im Dezember 2006 zu bauen begonnen habe, habe ich mir die Monografie der CYGNE aus der Collection Arch\u00e9ologie Naval Francaise besorgt. Ebendort habe ich mir auch das Buch &#8222;Die Kunst des Modellbaus&#8220; in deutscher Sprache von Bernard Fr\u00f6lich, das Konzepte und Techniken eines Modellbauers [&hellip;]<\/p>\n","protected":false},"author":1,"featured_media":0,"parent":0,"menu_order":0,"comment_status":"closed","ping_status":"open","template":"","meta":{"footnotes":""},"class_list":["post-375","page","type-page","status-publish","hentry"],"_links":{"self":[{"href":"https:\/\/www.googlehupf.at\/shipwright\/index.php?rest_route=\/wp\/v2\/pages\/375"}],"collection":[{"href":"https:\/\/www.googlehupf.at\/shipwright\/index.php?rest_route=\/wp\/v2\/pages"}],"about":[{"href":"https:\/\/www.googlehupf.at\/shipwright\/index.php?rest_route=\/wp\/v2\/types\/page"}],"author":[{"embeddable":true,"href":"https:\/\/www.googlehupf.at\/shipwright\/index.php?rest_route=\/wp\/v2\/users\/1"}],"replies":[{"embeddable":true,"href":"https:\/\/www.googlehupf.at\/shipwright\/index.php?rest_route=%2Fwp%2Fv2%2Fcomments&post=375"}],"version-history":[{"count":20,"href":"https:\/\/www.googlehupf.at\/shipwright\/index.php?rest_route=\/wp\/v2\/pages\/375\/revisions"}],"predecessor-version":[{"id":399,"href":"https:\/\/www.googlehupf.at\/shipwright\/index.php?rest_route=\/wp\/v2\/pages\/375\/revisions\/399"}],"wp:attachment":[{"href":"https:\/\/www.googlehupf.at\/shipwright\/index.php?rest_route=%2Fwp%2Fv2%2Fmedia&parent=375"}],"curies":[{"name":"wp","href":"https:\/\/api.w.org\/{rel}","templated":true}]}}